{"id":18,"date":"2025-01-11T21:30:14","date_gmt":"2025-01-11T21:30:14","guid":{"rendered":"https:\/\/srokilodz.pl\/?page_id=18"},"modified":"2026-04-13T16:53:05","modified_gmt":"2026-04-13T15:53:05","slug":"druzyna","status":"publish","type":"page","link":"https:\/\/srokilodz.com\/index.php\/druzyna\/","title":{"rendered":"Klub"},"content":{"rendered":"\t\t<div data-elementor-type=\"wp-page\" data-elementor-id=\"18\" class=\"elementor elementor-18\">\n\t\t\t\t<div class=\"elementor-element elementor-element-e4be626 e-flex e-con-boxed e-con e-parent\" data-id=\"e4be626\" data-element_type=\"container\" data-e-type=\"container\">\n\t\t\t\t\t<div class=\"e-con-inner\">\n\t\t<div class=\"elementor-element elementor-element-6b092c6 e-con-full e-flex e-con e-child\" data-id=\"6b092c6\" data-element_type=\"container\" data-e-type=\"container\">\n\t\t\t\t<div class=\"elementor-element elementor-element-6ef8ab0 elementor-widget elementor-widget-text-editor\" data-id=\"6ef8ab0\" data-element_type=\"widget\" data-e-type=\"widget\" data-widget_type=\"text-editor.default\">\n\t\t\t\t<div class=\"elementor-widget-container\">\n\t\t\t\t\t\t\t\t\t<h2>Dane Klubu:<\/h2><p><strong>Klub Sporto<\/strong><strong>wy Sroki \u0141\u00f3d\u017a<\/strong><\/p><p>NIP: 7252331378<\/p><p>Regon: 525315757<\/p><p>KRS:0001035907<\/p><p>Email: srokilodz@gmail.com<\/p><p>Barwy: Czarno &#8211; Bia\u0142o &#8211; Granatowe<\/p><p>Rok za\u0142o\u017cenia: 2011<\/p>\t\t\t\t\t\t\t\t<\/div>\n\t\t\t\t<\/div>\n\t\t\t\t<\/div>\n\t\t<div class=\"elementor-element elementor-element-7e75dde e-con-full e-flex e-con e-child\" data-id=\"7e75dde\" data-element_type=\"container\" data-e-type=\"container\">\n\t\t<div class=\"elementor-element elementor-element-434d58a e-con-full e-flex e-con e-child\" data-id=\"434d58a\" data-element_type=\"container\" data-e-type=\"container\">\n\t\t\t\t<div class=\"elementor-element elementor-element-2999f13 elementor-widget elementor-widget-image\" data-id=\"2999f13\" data-element_type=\"widget\" data-e-type=\"widget\" data-widget_type=\"image.default\">\n\t\t\t\t<div class=\"elementor-widget-container\">\n\t\t\t\t\t\t\t\t\t\t\t\t\t\t\t<img data-attachment-id=\"423\" data-permalink=\"https:\/\/srokilodz.com\/projekt-bez-nazwy-5-2\/projekt-bez-nazwy-5-3\/\" data-orig-file=\"https:\/\/i0.wp.com\/srokilodz.com\/wp-content\/uploads\/2025\/06\/cropped-Projekt-bez-nazwy-5-1.png?fit=512%2C512&amp;ssl=1\" data-orig-size=\"512,512\" data-comments-opened=\"1\" data-image-meta=\"{&quot;aperture&quot;:&quot;0&quot;,&quot;credit&quot;:&quot;&quot;,&quot;camera&quot;:&quot;&quot;,&quot;caption&quot;:&quot;&quot;,&quot;created_timestamp&quot;:&quot;0&quot;,&quot;copyright&quot;:&quot;&quot;,&quot;focal_length&quot;:&quot;0&quot;,&quot;iso&quot;:&quot;0&quot;,&quot;shutter_speed&quot;:&quot;0&quot;,&quot;title&quot;:&quot;&quot;,&quot;orientation&quot;:&quot;0&quot;}\" data-image-title=\"Projekt bez nazwy (5)\" data-image-description=\"&lt;p&gt;https:\/\/srokilodz.pl\/wp-content\/uploads\/2025\/06\/cropped-Projekt-bez-nazwy-5-1.png&lt;\/p&gt;\n\" data-image-caption=\"\" data-large-file=\"https:\/\/i0.wp.com\/srokilodz.com\/wp-content\/uploads\/2025\/06\/cropped-Projekt-bez-nazwy-5-1.png?fit=512%2C512&amp;ssl=1\" width=\"150\" height=\"150\" data-src=\"https:\/\/i0.wp.com\/srokilodz.com\/wp-content\/uploads\/2025\/06\/cropped-Projekt-bez-nazwy-5-1.png?resize=150%2C150&amp;ssl=1\" class=\"attachment-thumbnail size-thumbnail wp-image-423 lazyload\" alt=\"Projekt bez nazwy (5)\" data-srcset=\"https:\/\/i0.wp.com\/srokilodz.com\/wp-content\/uploads\/2025\/06\/cropped-Projekt-bez-nazwy-5-1.png?w=512&amp;ssl=1 512w, https:\/\/i0.wp.com\/srokilodz.com\/wp-content\/uploads\/2025\/06\/cropped-Projekt-bez-nazwy-5-1.png?resize=300%2C300&amp;ssl=1 300w, https:\/\/i0.wp.com\/srokilodz.com\/wp-content\/uploads\/2025\/06\/cropped-Projekt-bez-nazwy-5-1.png?resize=150%2C150&amp;ssl=1 150w, https:\/\/i0.wp.com\/srokilodz.com\/wp-content\/uploads\/2025\/06\/cropped-Projekt-bez-nazwy-5-1.png?resize=270%2C270&amp;ssl=1 270w, https:\/\/i0.wp.com\/srokilodz.com\/wp-content\/uploads\/2025\/06\/cropped-Projekt-bez-nazwy-5-1.png?resize=192%2C192&amp;ssl=1 192w, https:\/\/i0.wp.com\/srokilodz.com\/wp-content\/uploads\/2025\/06\/cropped-Projekt-bez-nazwy-5-1.png?resize=180%2C180&amp;ssl=1 180w, https:\/\/i0.wp.com\/srokilodz.com\/wp-content\/uploads\/2025\/06\/cropped-Projekt-bez-nazwy-5-1.png?resize=32%2C32&amp;ssl=1 32w\" data-sizes=\"auto, (max-width: 150px) 100vw, 150px\" decoding=\"async\" data-attachment-id=\"423\" data-permalink=\"https:\/\/srokilodz.com\/projekt-bez-nazwy-5-2\/projekt-bez-nazwy-5-3\/\" data-orig-file=\"https:\/\/i0.wp.com\/srokilodz.com\/wp-content\/uploads\/2025\/06\/cropped-Projekt-bez-nazwy-5-1.png?fit=512%2C512&amp;ssl=1\" data-orig-size=\"512,512\" data-comments-opened=\"1\" data-image-meta=\"{&quot;aperture&quot;:&quot;0&quot;,&quot;credit&quot;:&quot;&quot;,&quot;camera&quot;:&quot;&quot;,&quot;caption&quot;:&quot;&quot;,&quot;created_timestamp&quot;:&quot;0&quot;,&quot;copyright&quot;:&quot;&quot;,&quot;focal_length&quot;:&quot;0&quot;,&quot;iso&quot;:&quot;0&quot;,&quot;shutter_speed&quot;:&quot;0&quot;,&quot;title&quot;:&quot;&quot;,&quot;orientation&quot;:&quot;0&quot;}\" data-image-title=\"Projekt bez nazwy (5)\" data-image-description=\"&lt;p&gt;https:\/\/srokilodz.pl\/wp-content\/uploads\/2025\/06\/cropped-Projekt-bez-nazwy-5-1.png&lt;\/p&gt;\n\" data-image-caption=\"\" data-large-file=\"https:\/\/i0.wp.com\/srokilodz.com\/wp-content\/uploads\/2025\/06\/cropped-Projekt-bez-nazwy-5-1.png?fit=512%2C512&amp;ssl=1\" src=\"data:image\/svg+xml;base64,PHN2ZyB3aWR0aD0iMSIgaGVpZ2h0PSIxIiB4bWxucz0iaHR0cDovL3d3dy53My5vcmcvMjAwMC9zdmciPjwvc3ZnPg==\" style=\"--smush-placeholder-width: 150px; --smush-placeholder-aspect-ratio: 150\/150;\" \/>\t\t\t\t\t\t\t\t\t\t\t\t\t\t\t<\/div>\n\t\t\t\t<\/div>\n\t\t\t\t<\/div>\n\t\t<div class=\"elementor-element elementor-element-ee59f7a e-con-full e-flex e-con e-child\" data-id=\"ee59f7a\" data-element_type=\"container\" data-e-type=\"container\">\n\t\t\t\t<div class=\"elementor-element elementor-element-589551d elementor-widget elementor-widget-image\" data-id=\"589551d\" data-element_type=\"widget\" data-e-type=\"widget\" data-widget_type=\"image.default\">\n\t\t\t\t<div class=\"elementor-widget-container\">\n\t\t\t\t\t\t\t\t\t\t\t\t\t\t\t<img data-attachment-id=\"899\" data-permalink=\"https:\/\/srokilodz.com\/index.php\/2025\/08\/26\/sroki-lodz-rozgromily-wildcats-i-zdobyly-mistrzostwo-polski-w-miedniewicach\/img_3381\/\" data-orig-file=\"https:\/\/i0.wp.com\/srokilodz.com\/wp-content\/uploads\/2025\/08\/IMG_3381.jpg?fit=2560%2C1707&amp;ssl=1\" data-orig-size=\"2560,1707\" data-comments-opened=\"1\" data-image-meta=\"{&quot;aperture&quot;:&quot;0&quot;,&quot;credit&quot;:&quot;&quot;,&quot;camera&quot;:&quot;&quot;,&quot;caption&quot;:&quot;&quot;,&quot;created_timestamp&quot;:&quot;0&quot;,&quot;copyright&quot;:&quot;&quot;,&quot;focal_length&quot;:&quot;0&quot;,&quot;iso&quot;:&quot;0&quot;,&quot;shutter_speed&quot;:&quot;0&quot;,&quot;title&quot;:&quot;&quot;,&quot;orientation&quot;:&quot;1&quot;}\" data-image-title=\"IMG_3381\" data-image-description=\"\" data-image-caption=\"\" data-large-file=\"https:\/\/i0.wp.com\/srokilodz.com\/wp-content\/uploads\/2025\/08\/IMG_3381.jpg?fit=640%2C427&amp;ssl=1\" width=\"2048\" height=\"1366\" data-src=\"https:\/\/i0.wp.com\/srokilodz.com\/wp-content\/uploads\/2025\/08\/IMG_3381.jpg?fit=2048%2C1366&amp;ssl=1\" class=\"attachment-2048x2048 size-2048x2048 wp-image-899 lazyload\" alt=\"IMG_3381\" data-srcset=\"https:\/\/i0.wp.com\/srokilodz.com\/wp-content\/uploads\/2025\/08\/IMG_3381.jpg?w=2560&amp;ssl=1 2560w, https:\/\/i0.wp.com\/srokilodz.com\/wp-content\/uploads\/2025\/08\/IMG_3381.jpg?resize=300%2C200&amp;ssl=1 300w, https:\/\/i0.wp.com\/srokilodz.com\/wp-content\/uploads\/2025\/08\/IMG_3381.jpg?resize=1024%2C683&amp;ssl=1 1024w, https:\/\/i0.wp.com\/srokilodz.com\/wp-content\/uploads\/2025\/08\/IMG_3381.jpg?resize=768%2C512&amp;ssl=1 768w, https:\/\/i0.wp.com\/srokilodz.com\/wp-content\/uploads\/2025\/08\/IMG_3381.jpg?resize=1536%2C1024&amp;ssl=1 1536w, https:\/\/i0.wp.com\/srokilodz.com\/wp-content\/uploads\/2025\/08\/IMG_3381.jpg?resize=2048%2C1366&amp;ssl=1 2048w, https:\/\/i0.wp.com\/srokilodz.com\/wp-content\/uploads\/2025\/08\/IMG_3381.jpg?w=1280&amp;ssl=1 1280w, https:\/\/i0.wp.com\/srokilodz.com\/wp-content\/uploads\/2025\/08\/IMG_3381.jpg?w=1920&amp;ssl=1 1920w\" data-sizes=\"auto, (max-width: 640px) 100vw, 640px\" decoding=\"async\" data-attachment-id=\"899\" data-permalink=\"https:\/\/srokilodz.com\/index.php\/2025\/08\/26\/sroki-lodz-rozgromily-wildcats-i-zdobyly-mistrzostwo-polski-w-miedniewicach\/img_3381\/\" data-orig-file=\"https:\/\/i0.wp.com\/srokilodz.com\/wp-content\/uploads\/2025\/08\/IMG_3381.jpg?fit=2560%2C1707&amp;ssl=1\" data-orig-size=\"2560,1707\" data-comments-opened=\"1\" data-image-meta=\"{&quot;aperture&quot;:&quot;0&quot;,&quot;credit&quot;:&quot;&quot;,&quot;camera&quot;:&quot;&quot;,&quot;caption&quot;:&quot;&quot;,&quot;created_timestamp&quot;:&quot;0&quot;,&quot;copyright&quot;:&quot;&quot;,&quot;focal_length&quot;:&quot;0&quot;,&quot;iso&quot;:&quot;0&quot;,&quot;shutter_speed&quot;:&quot;0&quot;,&quot;title&quot;:&quot;&quot;,&quot;orientation&quot;:&quot;1&quot;}\" data-image-title=\"IMG_3381\" data-image-description=\"\" data-image-caption=\"\" data-large-file=\"https:\/\/i0.wp.com\/srokilodz.com\/wp-content\/uploads\/2025\/08\/IMG_3381.jpg?fit=640%2C427&amp;ssl=1\" src=\"data:image\/svg+xml;base64,PHN2ZyB3aWR0aD0iMSIgaGVpZ2h0PSIxIiB4bWxucz0iaHR0cDovL3d3dy53My5vcmcvMjAwMC9zdmciPjwvc3ZnPg==\" style=\"--smush-placeholder-width: 2048px; --smush-placeholder-aspect-ratio: 2048\/1366;\" \/>\t\t\t\t\t\t\t\t\t\t\t\t\t\t\t<\/div>\n\t\t\t\t<\/div>\n\t\t\t\t<\/div>\n\t\t\t\t<\/div>\n\t\t\t\t\t<\/div>\n\t\t\t\t<\/div>\n\t\t\t\t<\/div>\n\t\t","protected":false},"excerpt":{"rendered":"<p>Dane Klubu: Klub Sportowy Sroki \u0141\u00f3d\u017a NIP: 7252331378 Regon: 525315757 KRS:0001035907 Email: srokilodz@gmail.com Barwy: Czarno &#8211; Bia\u0142o &#8211;<\/p>\n","protected":false},"author":1,"featured_media":0,"parent":0,"menu_order":3,"comment_status":"closed","ping_status":"closed","template":"","meta":{"_crdt_document":"{\"document\":\"AAAG76jKuA4fDggKljkBAw4CAQIKAQ5KAB0oAycABAAnAAQAJwAoBCcAKAUnAAcAKAMnACgQJ9wTnxNzdGF0ZXZlcnNpb25kb2N1bWVudGRhdGVkb2N1bWVudHNsdWdkb2N1bWVudHN0YXR1c2RvY3VtZW50dGl0bGVLbHViZG9jdW1lbnRjb250ZW50PGgyPkRhbmUgS2x1YnU6PC9oMj48cD48c3Ryb25nPktsdWIgU3BvcnRvPC9zdHJvbmc+PHN0cm9uZz53eSBTcm9raSDFgcOzZMW6PC9zdHJvbmc+PC9wPjxwPk5JUDogNzI1MjMzMTM3ODwvcD48cD5SZWdvbjogNTI1MzE1NzU3PC9wPjxwPktSUzowMDAxMDM1OTA3PC9wPjxwPkVtYWlsOiBzcm9raWxvZHpAZ21haWwuY29tPC9wPjxwPkJhcnd5OiBDemFybm8gLSBCaWHFgm8gLSBHcmFuYXRvd2U8L3A+PHA+Um9rIHphxYJvxbxlbmlhOiAyMDExPC9wPgkJCgkJCQkJCQkJCQkJCQkJCTxpbWcgd2lkdGg9IjE1MCIgaGVpZ2h0PSIxNTAiIHNyYz0iaHR0cHM6Ly9zcm9raWxvZHoucGwvd3AtY29udGVudC91cGxvYWRzLzIwMjUvMDYvY3JvcHBlZC1Qcm9qZWt0LWJlei1uYXp3eS01LTEtMTUweDE1MC5wbmciIGFsdD0iUHJvamVrdCBiZXogbmF6d3kgKDUpIiBkZWNvZGluZz0iYXN5bmMiIHNyY3NldD0iaHR0cHM6Ly9zcm9raWxvZHoucGwvd3AtY29udGVudC91cGxvYWRzLzIwMjUvMDYvY3JvcHBlZC1Qcm9qZWt0LWJlei1uYXp3eS01LTEucG5nIDE1MHcsIGh0dHBzOi8vc3Jva2lsb2R6LnBsL3dwLWNvbnRlbnQvdXBsb2Fkcy8yMDI1LzA2L2Nyb3BwZWQtUHJvamVrdC1iZXotbmF6d3ktNS0xLnBuZyAzMDB3LCBodHRwczovL3Nyb2tpbG9kei5wbC93cC1jb250ZW50L3VwbG9hZHMvMjAyNS8wNi9jcm9wcGVkLVByb2pla3QtYmV6LW5hend5LTUtMS5wbmcgMjcwdywgaHR0cHM6Ly9zcm9raWxvZHoucGwvd3AtY29udGVudC91cGxvYWRzLzIwMjUvMDYvY3JvcHBlZC1Qcm9qZWt0LWJlei1uYXp3eS01LTEucG5nIDE5MncsIGh0dHBzOi8vc3Jva2lsb2R6LnBsL3dwLWNvbnRlbnQvdXBsb2Fkcy8yMDI1LzA2L2Nyb3BwZWQtUHJvamVrdC1iZXotbmF6d3ktNS0xLnBuZyAxODB3LCBodHRwczovL3Nyb2tpbG9kei5wbC93cC1jb250ZW50L3VwbG9hZHMvMjAyNS8wNi9jcm9wcGVkLVByb2pla3QtYmV6LW5hend5LTUtMS5wbmcgMzJ3LCBodHRwczovL3Nyb2tpbG9kei5wbC93cC1jb250ZW50L3VwbG9hZHMvMjAyNS8wNi9jcm9wcGVkLVByb2pla3QtYmV6LW5hend5LTUtMS5wbmcgNTEydyIgc2l6ZXM9IihtYXgtd2lkdGg6IDE1MHB4KSAxMDB2dywgMTUwcHgiIGxvYWRpbmc9ImxhenkiIC8+CQkJCQkJCQkJCQkJCQkJCgkJCQkJCQkJCQkJCQkJCTxpbWcgd2lkdGg9IjY0MCIgaGVpZ2h0PSI0MjciIHNyYz0iaHR0cHM6Ly9zcm9raWxvZHoucGwvd3AtY29udGVudC91cGxvYWRzLzIwMjUvMDgvSU1HXzMzODEtMjA0OHgxMzY2LmpwZyIgYWx0PSJJTUdfMzM4MSIgZGVjb2Rpbmc9ImFzeW5jIiBzcmNzZXQ9Imh0dHBzOi8vc3Jva2lsb2R6LnBsL3dwLWNvbnRlbnQvdXBsb2Fkcy8yMDI1LzA4L0lNR18zMzgxLmpwZyAyMDQ4dywgaHR0cHM6Ly9zcm9raWxvZHoucGwvd3AtY29udGVudC91cGxvYWRzLzIwMjUvMDgvSU1HXzMzODEuanBnIDMwMHcsIGh0dHBzOi8vc3Jva2lsb2R6LnBsL3dwLWNvbnRlbnQvdXBsb2Fkcy8yMDI1LzA4L0lNR18zMzgxLmpwZyAxMDI0dywgaHR0cHM6Ly9zcm9raWxvZHoucGwvd3AtY29udGVudC91cGxvYWRzLzIwMjUvMDgvSU1HXzMzODEuanBnIDc2OHcsIGh0dHBzOi8vc3Jva2lsb2R6LnBsL3dwLWNvbnRlbnQvdXBsb2Fkcy8yMDI1LzA4L0lNR18zMzgxLmpwZyAxNTM2dywgaHR0cHM6Ly9zcm9raWxvZHoucGwvd3AtY29udGVudC91cGxvYWRzLzIwMjUvMDgvSU1HXzMzODEuanBnIDEyODB3LCBodHRwczovL3Nyb2tpbG9kei5wbC93cC1jb250ZW50L3VwbG9hZHMvMjAyNS8wOC9JTUdfMzM4MS5qcGcgMTkyMHciIHNpemVzPSIobWF4LXdpZHRoOiA2NDBweCkgMTAwdncsIDY0MHB4IiBsb2FkaW5nPSJsYXp5IiAvPmRvY3VtZW50ZXhjZXJwdGRvY3VtZW50YXV0aG9yZG9jdW1lbnRmZWF0dXJlZF9tZWRpYWRvY3VtZW50Y29tbWVudF9zdGF0dXNkb2N1bWVudHBpbmdfc3RhdHVzZG9jdW1lbnR0ZW1wbGF0ZWRvY3VtZW50bWV0YV91YWdfY3VzdG9tX3BhZ2VfbGV2ZWxfY3NzZm9vdG5vdGVzX2VsZW1lbnRvcl9lZGl0X21vZGVfZWxlbWVudG9yX3RlbXBsYXRlX3R5cGVfZWxlbWVudG9yX2RhdGFfZWxlbWVudG9yX3BhZ2Vfc2V0dGluZ3Nkb2N1bWVudGJsb2Nrc2NsaWVudElkaXNWYWxpZG9yaWdpbmFsQ29udGVudG5hbWVhdHRyaWJ1dGVzY29udGVudFVBR0hpZGVEZXNrdG9wVUFHSGlkZU1vYlVBR0hpZGVUYWJVQUdMb2dnZWRJblVBR0xvZ2dlZE91dFVBR0RheVVBR1Jlc3BvbnNpdmVDb25kaXRpb25zVUFHQW5pbWF0aW9uVHlwZVVBR0FuaW1hdGlvblRpbWVVQUdBbmltYXRpb25EZWxheVVBR0FuaW1hdGlvbkVhc2luZ1VBR0FuaW1hdGlvblJlcGVhdFVBR1Bvc2l0aW9uVUFHU3RpY2t5TG9jYXRpb25VQUdTdGlja3lSZXN0cmljdGVkVUFHU3RpY2t5T2Zmc2V0aW5uZXJCbG9ja3MFBwgECAQIBggFBAgHpBwIBwgGCA4IDggLSAEEGgkUGA8YCAYIBw8ECgcOSgALDAYXUAARUgALERMPCw8BBAAAAQAAAAEGAAUBAAAHQgEBAEEAAAJBIgEuAH0BdxMyMDI1LTAxLTExVDIxOjMwOjE0dwdkcnV6eW5hdwdwdWJsaXNofQF9AHcGY2xvc2VkdwZjbG9zZWR3AHcAdwB3B2J1aWxkZXJ3B3dwLXBhZ2V3\/Q1beyJpZCI6ImU0YmU2MjYiLCJlbFR5cGUiOiJjb250YWluZXIiLCJzZXR0aW5ncyI6eyJmbGV4X2RpcmVjdGlvbiI6InJvdyIsImZsZXhfZ2FwIjp7InVuaXQiOiJweCIsInNpemUiOjAsImNvbHVtbiI6IjAiLCJyb3ciOiIwIn19LCJlbGVtZW50cyI6W3siaWQiOiI2YjA5MmM2IiwiZWxUeXBlIjoiY29udGFpbmVyIiwic2V0dGluZ3MiOnsiY29udGVudF93aWR0aCI6ImZ1bGwiLCJ3aWR0aCI6eyJ1bml0IjoiJSIsInNpemUiOiI1MCJ9fSwiZWxlbWVudHMiOlt7ImlkIjoiNmVmOGFiMCIsImVsVHlwZSI6IndpZGdldCIsInNldHRpbmdzIjp7ImVkaXRvciI6IjxoMj5EYW5lIEtsdWJ1OjxcL2gyPjxwPjxzdHJvbmc+S2x1YiBTcG9ydG88XC9zdHJvbmc+PHN0cm9uZz53eSBTcm9raSBcdTAxNDFcdTAwZjNkXHUwMTdhPFwvc3Ryb25nPjxcL3A+PHA+TklQOiA3MjUyMzMxMzc4PFwvcD48cD5SZWdvbjogNTI1MzE1NzU3PFwvcD48cD5LUlM6MDAwMTAzNTkwNzxcL3A+PHA+RW1haWw6IHNyb2tpbG9kekBnbWFpbC5jb208XC9wPjxwPkJhcnd5OiBDemFybm8gLSBCaWFcdTAxNDJvIC0gR3JhbmF0b3dlPFwvcD48cD5Sb2sgemFcdTAxNDJvXHUwMTdjZW5pYTogMjAxMTxcL3A+IiwiY29sdW1uX2dhcCI6eyJ1bml0IjoicHgiLCJzaXplIjoxNiwic2l6ZXMiOltdfSwicGFyYWdyYXBoX3NwYWNpbmciOnsidW5pdCI6InB4Iiwic2l6ZSI6NCwic2l6ZXMiOltdfSwidGV4dF9jb2xvciI6IiM3QTdBN0EifSwiZWxlbWVudHMiOltdLCJ3aWRnZXRUeXBlIjoidGV4dC1lZGl0b3IifV0sImlzSW5uZXIiOnRydWV9LHsiaWQiOiI3ZTc1ZGRlIiwiZWxUeXBlIjoiY29udGFpbmVyIiwic2V0dGluZ3MiOnsiY29udGVudF93aWR0aCI6ImZ1bGwiLCJ3aWR0aCI6eyJ1bml0IjoiJSIsInNpemUiOiI1MCJ9LCJwYWRkaW5nIjp7InVuaXQiOiJweCIsInRvcCI6MCwicmlnaHQiOjAsImJvdHRvbSI6MCwibGVmdCI6MCwiaXNMaW5rZWQiOnRydWV9LCJmbGV4X2dhcCI6eyJ1bml0IjoicHgiLCJzaXplIjowLCJjb2x1bW4iOiIwIiwicm93IjoiMCJ9fSwiZWxlbWVudHMiOlt7ImlkIjoiNDM0ZDU4YSIsImVsVHlwZSI6ImNvbnRhaW5lciIsInNldHRpbmdzIjp7ImNvbnRlbnRfd2lkdGgiOiJmdWxsIn0sImVsZW1lbnRzIjpbeyJpZCI6IjI5OTlmMTMiLCJlbFR5cGUiOiJ3aWRnZXQiLCJzZXR0aW5ncyI6eyJpbWFnZSI6eyJ1cmwiOiJodHRwczpcL1wvc3Jva2lsb2R6LnBsXC93cC1jb250ZW50XC91cGxvYWRzXC8yMDI1XC8wNlwvY3JvcHBlZC1Qcm9qZWt0LWJlei1uYXp3eS01LTEucG5nIiwiaWQiOjQyMywic2l6ZSI6IiIsImFsdCI6IiIsInNvdXJjZSI6ImxpYnJhcnkifSwiaW1hZ2Vfc2l6ZSI6InRodW1ibmFpbCJ9LCJlbGVtZW50cyI6W10sIndpZGdldFR5cGUiOiJpbWFnZSJ9XSwiaXNJbm5lciI6dHJ1ZX0seyJpZCI6ImVlNTlmN2EiLCJlbFR5cGUiOiJjb250YWluZXIiLCJzZXR0aW5ncyI6eyJjb250ZW50X3dpZHRoIjoiZnVsbCJ9LCJlbGVtZW50cyI6W3siaWQiOiI1ODk1NTFkIiwiZWxUeXBlIjoid2lkZ2V0Iiwic2V0dGluZ3MiOnsiaW1hZ2UiOnsidXJsIjoiaHR0cHM6XC9cL3Nyb2tpbG9kei5wbFwvd3AtY29udGVudFwvdXBsb2Fkc1wvMjAyNVwvMDhcL0lNR18zMzgxLmpwZyIsImlkIjo4OTksInNpemUiOiIiLCJhbHQiOiIiLCJzb3VyY2UiOiJsaWJyYXJ5In0sImltYWdlX3NpemUiOiIyMDQ4eDIwNDgifSwiZWxlbWVudHMiOltdLCJ3aWRnZXRUeXBlIjoiaW1hZ2UifV0sImlzSW5uZXIiOnRydWV9XSwiaXNJbm5lciI6dHJ1ZX1dLCJpc0lubmVyIjpmYWxzZX1dfnckN2EwNDA1ZTgtZjFlNC00NjUxLWFkYmItYjZjYjZiOTAwODg5eHetDjxoMj5EYW5lIEtsdWJ1OjwvaDI+CjxwPjxzdHJvbmc+S2x1YiBTcG9ydG88L3N0cm9uZz48c3Ryb25nPnd5IFNyb2tpIMWBw7Nkxbo8L3N0cm9uZz48L3A+CjxwPk5JUDogNzI1MjMzMTM3ODwvcD4KPHA+UmVnb246IDUyNTMxNTc1NzwvcD4KPHA+S1JTOjAwMDEwMzU5MDc8L3A+CjxwPkVtYWlsOiBzcm9raWxvZHpAZ21haWwuY29tPC9wPgo8cD5CYXJ3eTogQ3phcm5vIC0gQmlhxYJvIC0gR3JhbmF0b3dlPC9wPgo8cD5Sb2sgemHFgm\/FvGVuaWE6IDIwMTE8L3A+CjxwPgkJCQkJCQkJCQkJCQkJCTxpbWcgd2lkdGg9IjE1MCIgaGVpZ2h0PSIxNTAiIHNyYz0iaHR0cHM6Ly9zcm9raWxvZHoucGwvd3AtY29udGVudC91cGxvYWRzLzIwMjUvMDYvY3JvcHBlZC1Qcm9qZWt0LWJlei1uYXp3eS01LTEtMTUweDE1MC5wbmciIGFsdD0iUHJvamVrdCBiZXogbmF6d3kgKDUpIiBkZWNvZGluZz0iYXN5bmMiIHNyY3NldD0iaHR0cHM6Ly9zcm9raWxvZHoucGwvd3AtY29udGVudC91cGxvYWRzLzIwMjUvMDYvY3JvcHBlZC1Qcm9qZWt0LWJlei1uYXp3eS01LTEucG5nIDE1MHcsIGh0dHBzOi8vc3Jva2lsb2R6LnBsL3dwLWNvbnRlbnQvdXBsb2Fkcy8yMDI1LzA2L2Nyb3BwZWQtUHJvamVrdC1iZXotbmF6d3ktNS0xLnBuZyAzMDB3LCBodHRwczovL3Nyb2tpbG9kei5wbC93cC1jb250ZW50L3VwbG9hZHMvMjAyNS8wNi9jcm9wcGVkLVByb2pla3QtYmV6LW5hend5LTUtMS5wbmcgMjcwdywgaHR0cHM6Ly9zcm9raWxvZHoucGwvd3AtY29udGVudC91cGxvYWRzLzIwMjUvMDYvY3JvcHBlZC1Qcm9qZWt0LWJlei1uYXp3eS01LTEucG5nIDE5MncsIGh0dHBzOi8vc3Jva2lsb2R6LnBsL3dwLWNvbnRlbnQvdXBsb2Fkcy8yMDI1LzA2L2Nyb3BwZWQtUHJvamVrdC1iZXotbmF6d3ktNS0xLnBuZyAxODB3LCBodHRwczovL3Nyb2tpbG9kei5wbC93cC1jb250ZW50L3VwbG9hZHMvMjAyNS8wNi9jcm9wcGVkLVByb2pla3QtYmV6LW5hend5LTUtMS5wbmcgMzJ3LCBodHRwczovL3Nyb2tpbG9kei5wbC93cC1jb250ZW50L3VwbG9hZHMvMjAyNS8wNi9jcm9wcGVkLVByb2pla3QtYmV6LW5hend5LTUtMS5wbmcgNTEydyIgc2l6ZXM9IihtYXgtd2lkdGg6IDE1MHB4KSAxMDB2dywgMTUwcHgiIGxvYWRpbmc9ImxhenkiIC8+PGJyIC8+CgkJCQkJCQkJCQkJCQkJCTxpbWcgd2lkdGg9IjY0MCIgaGVpZ2h0PSI0MjciIHNyYz0iaHR0cHM6Ly9zcm9raWxvZHoucGwvd3AtY29udGVudC91cGxvYWRzLzIwMjUvMDgvSU1HXzMzODEtMjA0OHgxMzY2LmpwZyIgYWx0PSJJTUdfMzM4MSIgZGVjb2Rpbmc9ImFzeW5jIiBzcmNzZXQ9Imh0dHBzOi8vc3Jva2lsb2R6LnBsL3dwLWNvbnRlbnQvdXBsb2Fkcy8yMDI1LzA4L0lNR18zMzgxLmpwZyAyMDQ4dywgaHR0cHM6Ly9zcm9raWxvZHoucGwvd3AtY29udGVudC91cGxvYWRzLzIwMjUvMDgvSU1HXzMzODEuanBnIDMwMHcsIGh0dHBzOi8vc3Jva2lsb2R6LnBsL3dwLWNvbnRlbnQvdXBsb2Fkcy8yMDI1LzA4L0lNR18zMzgxLmpwZyAxMDI0dywgaHR0cHM6Ly9zcm9raWxvZHoucGwvd3AtY29udGVudC91cGxvYWRzLzIwMjUvMDgvSU1HXzMzODEuanBnIDc2OHcsIGh0dHBzOi8vc3Jva2lsb2R6LnBsL3dwLWNvbnRlbnQvdXBsb2Fkcy8yMDI1LzA4L0lNR18zMzgxLmpwZyAxNTM2dywgaHR0cHM6Ly9zcm9raWxvZHoucGwvd3AtY29udGVudC91cGxvYWRzLzIwMjUvMDgvSU1HXzMzODEuanBnIDEyODB3LCBodHRwczovL3Nyb2tpbG9kei5wbC93cC1jb250ZW50L3VwbG9hZHMvMjAyNS8wOC9JTUdfMzM4MS5qcGcgMTkyMHciIHNpemVzPSIobWF4LXdpZHRoOiA2NDBweCkgMTAwdncsIDY0MHB4IiBsb2FkaW5nPSJsYXp5IiAvPjwvcD53DWNvcmUvZnJlZWZvcm13rQ48aDI+RGFuZSBLbHVidTo8L2gyPgo8cD48c3Ryb25nPktsdWIgU3BvcnRvPC9zdHJvbmc+PHN0cm9uZz53eSBTcm9raSDFgcOzZMW6PC9zdHJvbmc+PC9wPgo8cD5OSVA6IDcyNTIzMzEzNzg8L3A+CjxwPlJlZ29uOiA1MjUzMTU3NTc8L3A+CjxwPktSUzowMDAxMDM1OTA3PC9wPgo8cD5FbWFpbDogc3Jva2lsb2R6QGdtYWlsLmNvbTwvcD4KPHA+QmFyd3k6IEN6YXJubyAtIEJpYcWCbyAtIEdyYW5hdG93ZTwvcD4KPHA+Um9rIHphxYJvxbxlbmlhOiAyMDExPC9wPgo8cD4JCQkJCQkJCQkJCQkJCQk8aW1nIHdpZHRoPSIxNTAiIGhlaWdodD0iMTUwIiBzcmM9Imh0dHBzOi8vc3Jva2lsb2R6LnBsL3dwLWNvbnRlbnQvdXBsb2Fkcy8yMDI1LzA2L2Nyb3BwZWQtUHJvamVrdC1iZXotbmF6d3ktNS0xLTE1MHgxNTAucG5nIiBhbHQ9IlByb2pla3QgYmV6IG5hend5ICg1KSIgZGVjb2Rpbmc9ImFzeW5jIiBzcmNzZXQ9Imh0dHBzOi8vc3Jva2lsb2R6LnBsL3dwLWNvbnRlbnQvdXBsb2Fkcy8yMDI1LzA2L2Nyb3BwZWQtUHJvamVrdC1iZXotbmF6d3ktNS0xLnBuZyAxNTB3LCBodHRwczovL3Nyb2tpbG9kei5wbC93cC1jb250ZW50L3VwbG9hZHMvMjAyNS8wNi9jcm9wcGVkLVByb2pla3QtYmV6LW5hend5LTUtMS5wbmcgMzAwdywgaHR0cHM6Ly9zcm9raWxvZHoucGwvd3AtY29udGVudC91cGxvYWRzLzIwMjUvMDYvY3JvcHBlZC1Qcm9qZWt0LWJlei1uYXp3eS01LTEucG5nIDI3MHcsIGh0dHBzOi8vc3Jva2lsb2R6LnBsL3dwLWNvbnRlbnQvdXBsb2Fkcy8yMDI1LzA2L2Nyb3BwZWQtUHJvamVrdC1iZXotbmF6d3ktNS0xLnBuZyAxOTJ3LCBodHRwczovL3Nyb2tpbG9kei5wbC93cC1jb250ZW50L3VwbG9hZHMvMjAyNS8wNi9jcm9wcGVkLVByb2pla3QtYmV6LW5hend5LTUtMS5wbmcgMTgwdywgaHR0cHM6Ly9zcm9raWxvZHoucGwvd3AtY29udGVudC91cGxvYWRzLzIwMjUvMDYvY3JvcHBlZC1Qcm9qZWt0LWJlei1uYXp3eS01LTEucG5nIDMydywgaHR0cHM6Ly9zcm9raWxvZHoucGwvd3AtY29udGVudC91cGxvYWRzLzIwMjUvMDYvY3JvcHBlZC1Qcm9qZWt0LWJlei1uYXp3eS01LTEucG5nIDUxMnciIHNpemVzPSIobWF4LXdpZHRoOiAxNTBweCkgMTAwdncsIDE1MHB4IiBsb2FkaW5nPSJsYXp5IiAvPjxiciAvPgoJCQkJCQkJCQkJCQkJCQk8aW1nIHdpZHRoPSI2NDAiIGhlaWdodD0iNDI3IiBzcmM9Imh0dHBzOi8vc3Jva2lsb2R6LnBsL3dwLWNvbnRlbnQvdXBsb2Fkcy8yMDI1LzA4L0lNR18zMzgxLTIwNDh4MTM2Ni5qcGciIGFsdD0iSU1HXzMzODEiIGRlY29kaW5nPSJhc3luYyIgc3Jjc2V0PSJodHRwczovL3Nyb2tpbG9kei5wbC93cC1jb250ZW50L3VwbG9hZHMvMjAyNS8wOC9JTUdfMzM4MS5qcGcgMjA0OHcsIGh0dHBzOi8vc3Jva2lsb2R6LnBsL3dwLWNvbnRlbnQvdXBsb2Fkcy8yMDI1LzA4L0lNR18zMzgxLmpwZyAzMDB3LCBodHRwczovL3Nyb2tpbG9kei5wbC93cC1jb250ZW50L3VwbG9hZHMvMjAyNS8wOC9JTUdfMzM4MS5qcGcgMTAyNHcsIGh0dHBzOi8vc3Jva2lsb2R6LnBsL3dwLWNvbnRlbnQvdXBsb2Fkcy8yMDI1LzA4L0lNR18zMzgxLmpwZyA3Njh3LCBodHRwczovL3Nyb2tpbG9kei5wbC93cC1jb250ZW50L3VwbG9hZHMvMjAyNS8wOC9JTUdfMzM4MS5qcGcgMTUzNncsIGh0dHBzOi8vc3Jva2lsb2R6LnBsL3dwLWNvbnRlbnQvdXBsb2Fkcy8yMDI1LzA4L0lNR18zMzgxLmpwZyAxMjgwdywgaHR0cHM6Ly9zcm9raWxvZHoucGwvd3AtY29udGVudC91cGxvYWRzLzIwMjUvMDgvSU1HXzMzODEuanBnIDE5MjB3IiBzaXplcz0iKG1heC13aWR0aDogNjQwcHgpIDEwMHZ3LCA2NDBweCIgbG9hZGluZz0ibGF6eSIgLz48L3A+eXl5eXl1AHl3AH2QBn0AdwRlYXNleXcAdwN0b3B5fQAA\",\"updateId\":621097427}","_uag_custom_page_level_css":"","footnotes":""},"class_list":["post-18","page","type-page","status-publish","hentry"],"aioseo_notices":[],"mb":[],"uagb_featured_image_src":{"full":false,"thumbnail":false,"medium":false,"medium_large":false,"large":false,"1536x1536":false,"2048x2048":false,"morenews-large":false,"morenews-medium":false},"uagb_author_info":{"display_name":"admin","author_link":"https:\/\/srokilodz.com\/index.php\/author\/srokilodz\/"},"uagb_comment_info":0,"uagb_excerpt":"Dane Klubu: Klub Sportowy Sroki \u0141\u00f3d\u017a NIP: 7252331378 Regon: 525315757 KRS:0001035907 Email: srokilodz@gmail.com Barwy: Czarno &#8211; Bia\u0142o &#8211;","jetpack_sharing_enabled":true,"jetpack_shortlink":"https:\/\/wp.me\/PghGqF-i","mfb_rest_fields":["title","aioseo_notices","uagb_featured_image_src","uagb_author_info","uagb_comment_info","uagb_excerpt","jetpack_sharing_enabled","jetpack_shortlink","gutenberg_elementor_mode"],"_links":{"self":[{"href":"https:\/\/srokilodz.com\/index.php\/wp-json\/wp\/v2\/pages\/18","targetHints":{"allow":["GET"]}}],"collection":[{"href":"https:\/\/srokilodz.com\/index.php\/wp-json\/wp\/v2\/pages"}],"about":[{"href":"https:\/\/srokilodz.com\/index.php\/wp-json\/wp\/v2\/types\/page"}],"author":[{"embeddable":true,"href":"https:\/\/srokilodz.com\/index.php\/wp-json\/wp\/v2\/users\/1"}],"replies":[{"embeddable":true,"href":"https:\/\/srokilodz.com\/index.php\/wp-json\/wp\/v2\/comments?post=18"}],"version-history":[{"count":53,"href":"https:\/\/srokilodz.com\/index.php\/wp-json\/wp\/v2\/pages\/18\/revisions"}],"predecessor-version":[{"id":1088,"href":"https:\/\/srokilodz.com\/index.php\/wp-json\/wp\/v2\/pages\/18\/revisions\/1088"}],"wp:attachment":[{"href":"https:\/\/srokilodz.com\/index.php\/wp-json\/wp\/v2\/media?parent=18"}],"curies":[{"name":"wp","href":"https:\/\/api.w.org\/{rel}","templated":true}]}}